{"id":30,"date":"2011-10-10T06:53:38","date_gmt":"2011-10-10T06:53:38","guid":{"rendered":"http:\/\/www.antoniopaniagua.com\/prueba\/?page_id=30"},"modified":"2012-01-19T12:24:05","modified_gmt":"2012-01-19T12:24:05","slug":"contacto","status":"publish","type":"page","link":"https:\/\/www.antoniopaniagua.com\/?page_id=30","title":{"rendered":"Contacto"},"content":{"rendered":"<p><img decoding=\"async\" style=\"margin-left: -8px; width: 300px;\" src=\"https:\/\/www.antoniopaniagua.com\/wp-content\/themes\/arquitecto\/i\/titulo.jpg\" alt=\"\" \/><\/p>\n<p>Calle Colonia, 14-4<br \/>\nPinar de Antequera<br \/>\n47153, Valladolid<br \/>\nEspa\u00f1a<\/p>\n<p>T: <a href=\"tel:0034983246332\">+34 983 246 332<\/a><br \/>\nF: <a href=\"tel:0034983246332\">+34 983 246 332<\/a><br \/>\nE: <a href=\"mailto:estudio@antoniopaniagua.com\">estudio@antoniopaniagua.com<\/a><br \/>\nW: <a href=\"https:\/\/www.antoniopaniagua.com\">www.antoniopaniagua.com<\/a><\/p>\n<p>&nbsp;<\/p>\n<p>&nbsp;<\/p>\n<p>&nbsp;<\/p>\n<p>&nbsp;<\/p>\n<p>&nbsp;<\/p>\n<p>Fotograf\u00edas:<br \/>\nImagen MAS, Juan Carlos Quind\u00f3s, Roland Halbe,<br \/>\nPedro Ramos y Antonio Paniagua<\/p>\n<p><a href=\"https:\/\/www.antoniopaniagua.com\/pruebas\/aviso-legal\/\">aviso legal<\/a><\/p>\n<p>P\u00e1gina web gestionada con <a href=\"http:\/\/wordpress.org\" target=\"blanck\">WordPress<\/a> y dise\u00f1ada por <a href=\"http:\/\/www.encuadre.eu\" target=\"blanck\">encuadre.eu<\/a><\/p>\n","protected":false},"excerpt":{"rendered":"<p>Calle Colonia, 14-4 Pinar de Antequera 47153, Valladolid Espa\u00f1a T: +34 983 246 332 F: +34 983 246 332 E: estudio@antoniopaniagua.com W: www.antoniopaniagua.com &nbsp; &nbsp; &nbsp; &nbsp; &nbsp; Fotograf\u00edas: Imagen MAS, Juan Carlos Quind\u00f3s, Roland Halbe, Pedro Ramos y Antonio Paniagua aviso legal P\u00e1gina web gestionada con WordPress y dise\u00f1ada por encuadre.eu<\/p>\n","protected":false},"author":1,"featured_media":0,"parent":0,"menu_order":0,"comment_status":"open","ping_status":"open","template":"","meta":{"footnotes":""},"class_list":["post-30","page","type-page","status-publish","hentry"],"_links":{"self":[{"href":"https:\/\/www.antoniopaniagua.com\/index.php?rest_route=\/wp\/v2\/pages\/30","targetHints":{"allow":["GET"]}}],"collection":[{"href":"https:\/\/www.antoniopaniagua.com\/index.php?rest_route=\/wp\/v2\/pages"}],"about":[{"href":"https:\/\/www.antoniopaniagua.com\/index.php?rest_route=\/wp\/v2\/types\/page"}],"author":[{"embeddable":true,"href":"https:\/\/www.antoniopaniagua.com\/index.php?rest_route=\/wp\/v2\/users\/1"}],"replies":[{"embeddable":true,"href":"https:\/\/www.antoniopaniagua.com\/index.php?rest_route=%2Fwp%2Fv2%2Fcomments&post=30"}],"version-history":[{"count":30,"href":"https:\/\/www.antoniopaniagua.com\/index.php?rest_route=\/wp\/v2\/pages\/30\/revisions"}],"predecessor-version":[{"id":63,"href":"https:\/\/www.antoniopaniagua.com\/index.php?rest_route=\/wp\/v2\/pages\/30\/revisions\/63"}],"wp:attachment":[{"href":"https:\/\/www.antoniopaniagua.com\/index.php?rest_route=%2Fwp%2Fv2%2Fmedia&parent=30"}],"curies":[{"name":"wp","href":"https:\/\/api.w.org\/{rel}","templated":true}]}}