{"id":80,"date":"2011-10-11T07:17:08","date_gmt":"2011-10-11T07:17:08","guid":{"rendered":"http:\/\/www.antoniopaniagua.com\/prueba\/?page_id=80"},"modified":"2017-08-08T08:54:11","modified_gmt":"2017-08-08T08:54:11","slug":"biografia","status":"publish","type":"page","link":"https:\/\/www.antoniopaniagua.com\/?page_id=80","title":{"rendered":"Biograf\u00eda"},"content":{"rendered":"<h2>Antonio Paniagua Garc\u00eda<\/h2>\n<p>(*Antonio Garc\u00eda Paniagua hasta enero 2005)<\/p>\n<p style=\"text-align: justify;\">Medina del Campo (1958).\u00a0Arquitecto por la Escuela T\u00e9cnica Superior de Arquitectura\u00a0 de Madrid en 1984.<\/p>\n<p style=\"text-align: justify;\">Durante 1984 y 1985, colabora en varios estudios de arquitectura entre Madrid y Valladolid.<\/p>\n<p style=\"text-align: justify;\">En 1986 se instala definitivamente en Valladolid, abriendo un estudio profesional con el arquitecto y compa\u00f1ero Javier Toquero Mateo, con quien colaborar\u00e1 de forma habitual hasta 1993.<\/p>\n<p style=\"text-align: justify;\">De 1987 a 1991 complementa su formaci\u00f3n de forma regular con cursos de postgrado y doctorado vinculados a la Universidad de Valladolid.<\/p>\n<p style=\"text-align: justify;\">En 1990 se inicia como Profesor de Proyectos en la Escuela de Arquitectura de Valladolid, y desde entonces compagina la labor investigadora y docente con la del ejercicio profesional.<\/p>\n<p style=\"text-align: justify;\">En agosto de 2000, el despacho profesional ANTONIO PANIAGUA. ESTUDIO DE ARQUITECTURA se traslada a un nuevo edificio en la Calle Colonia 14-4, Pinar de Antequera &#8211; Valladolid, donde ejerce su actividad hasta la actualidad.<\/p>\n<p style=\"text-align: justify;\">Si bien desde el principio la Rehabilitaci\u00f3n de edificios y la Restauraci\u00f3n del Patrimonio Hist\u00f3rico han sido las actividades m\u00e1s representativas del estudio junto con la arquitectura residencial;\u00a0en los \u00faltimos a\u00f1os, se orienta fundamentalmente a la arquitectura p\u00fablica dotacional, resultado por lo general de concursos.<\/p>\n<p style=\"text-align: justify;\">Ha participado en diversos concursos de arquitectura nacional e internacional, obteniendo premios y reconocimientos.<\/p>\n<p style=\"text-align: justify;\">Ha ocupado diversos cargos en la estructura profesional, ha intervenido en congresos y participado en exposiciones. Ha colaborado en publicaciones de obras colectivas, revistas especializadas de Arquitectura y Restauraci\u00f3n y publicaciones monogr\u00e1ficas.<\/p>\n","protected":false},"excerpt":{"rendered":"<p>Antonio Paniagua Garc\u00eda (*Antonio Garc\u00eda Paniagua hasta enero 2005) Medina del Campo (1958).\u00a0Arquitecto por la Escuela T\u00e9cnica Superior de Arquitectura\u00a0 de Madrid en 1984. Durante 1984 y 1985, colabora en varios estudios de arquitectura entre Madrid y Valladolid. En 1986 se instala definitivamente en Valladolid, abriendo un estudio profesional con el arquitecto y compa\u00f1ero Javier [&hellip;]<\/p>\n","protected":false},"author":1,"featured_media":2311,"parent":78,"menu_order":1,"comment_status":"closed","ping_status":"closed","template":"","meta":{"footnotes":""},"class_list":["post-80","page","type-page","status-publish","has-post-thumbnail","hentry"],"_links":{"self":[{"href":"https:\/\/www.antoniopaniagua.com\/index.php?rest_route=\/wp\/v2\/pages\/80","targetHints":{"allow":["GET"]}}],"collection":[{"href":"https:\/\/www.antoniopaniagua.com\/index.php?rest_route=\/wp\/v2\/pages"}],"about":[{"href":"https:\/\/www.antoniopaniagua.com\/index.php?rest_route=\/wp\/v2\/types\/page"}],"author":[{"embeddable":true,"href":"https:\/\/www.antoniopaniagua.com\/index.php?rest_route=\/wp\/v2\/users\/1"}],"replies":[{"embeddable":true,"href":"https:\/\/www.antoniopaniagua.com\/index.php?rest_route=%2Fwp%2Fv2%2Fcomments&post=80"}],"version-history":[{"count":27,"href":"https:\/\/www.antoniopaniagua.com\/index.php?rest_route=\/wp\/v2\/pages\/80\/revisions"}],"predecessor-version":[{"id":199,"href":"https:\/\/www.antoniopaniagua.com\/index.php?rest_route=\/wp\/v2\/pages\/80\/revisions\/199"}],"up":[{"embeddable":true,"href":"https:\/\/www.antoniopaniagua.com\/index.php?rest_route=\/wp\/v2\/pages\/78"}],"wp:featuredmedia":[{"embeddable":true,"href":"https:\/\/www.antoniopaniagua.com\/index.php?rest_route=\/wp\/v2\/media\/2311"}],"wp:attachment":[{"href":"https:\/\/www.antoniopaniagua.com\/index.php?rest_route=%2Fwp%2Fv2%2Fmedia&parent=80"}],"curies":[{"name":"wp","href":"https:\/\/api.w.org\/{rel}","templated":true}]}}