{"id":82,"date":"2011-10-11T07:17:25","date_gmt":"2011-10-11T07:17:25","guid":{"rendered":"http:\/\/www.antoniopaniagua.com\/prueba\/?page_id=82"},"modified":"2017-08-17T09:39:34","modified_gmt":"2017-08-17T09:39:34","slug":"premios","status":"publish","type":"page","link":"https:\/\/www.antoniopaniagua.com\/?page_id=82","title":{"rendered":"Premios"},"content":{"rendered":"<h3>CONCURSOS DE PROYECTOS CON INTERVENCI\u00d3N DE JURADO<\/h3>\n<p>2017<br \/>\n1\u00ba premio<br \/>\nNueva Bodega Protos en Pe\u00f1afiel (Valladolid).<br \/>\nGrupo Protos Bodega Ribera Duero Pe\u00f1afiel S.L.<\/p>\n<p>2015<br \/>\n3\u00ba premio<br \/>\nCentro de Recepci\u00f3n de Visitantes en el Yacimiento Arqueol\u00f3gico de Clunia (Burgos).<br \/>\nDiputaci\u00f3n Provincial de Burgos.<\/p>\n<p>2005<br \/>\nMenci\u00f3n Honor\u00edfica<br \/>\nConcurso Nacional de Ideas para un nuevo Templo y Parroquia. Ponferrada (Le\u00f3n).<br \/>\nObispado de Astorga.<\/p>\n<p>2005<br \/>\nFinalista<br \/>\nConcurso Nacional de Anteproyectos para el Centro de Recursos Ambientales. Vivero Forestal en Valladolid.<br \/>\nConsejer\u00eda de Medio Ambiente. Junta de Castilla y Le\u00f3n<\/p>\n<p>2003<br \/>\nAcc\u00e9sit<br \/>\nConcurso Nacional de Ideas para la Pavimentaci\u00f3n y Peatonalizaci\u00f3n del Entorno de la Iglesia de San Mart\u00edn de Fr\u00f3mista (Palencia).<br \/>\nDiputaci\u00f3n de Palencia, Ayuntamiento de Fr\u00f3mista, Colegio de Arquitectos y Colegio de Ingenieros de Caminos, Canales y Puertos.<\/p>\n<p>2002<br \/>\nMenci\u00f3n Honor\u00edfica<br \/>\nConcurso Nacional de Ideas para la construcci\u00f3n de una Casa de Cultura en La Cist\u00e9rniga (Valladolid).<br \/>\nAyuntamiento de la Cist\u00e9rniga.<\/p>\n<p>2001<br \/>\nPrimer Premio (ex aequo)<br \/>\nConcurso Nacional de Ideas El Claustro de la Catedral de Le\u00f3n.<br \/>\nCabildo Catedral, Colegio de Arquitectos de Le\u00f3n, Ayuntamiento de Le\u00f3n y Junta de Castilla y Le\u00f3n.<\/p>\n<p>1997<br \/>\nPrimer Premio<br \/>\nConcurso para la \u00abRemodelaci\u00f3n urban\u00edstica de la Plaza Mayor de Astorga (Le\u00f3n)\u00bb.<br \/>\nAyuntamiento de Astorga (Le\u00f3n).<\/p>\n<p>1995<br \/>\nFinalista<br \/>\nConcurso Nacional para la \u00abRehabilitaci\u00f3n y adaptaci\u00f3n del Con\u00acjunto Hist\u00f3rico del Monasterio de San Benito correspondiente al Patio Herreriano, para Museo de la Ciudad, Archivo Municipal, Sede de la Fundaci\u00f3n de Cultura y otros usos en Valladolid.<br \/>\nAyuntamiento de Valladolid.<\/p>\n<p>1994<br \/>\nSeleccionado<br \/>\nConcurso Nacional de Ideas sobre la construcci\u00f3n de un edificio destinado a Museo Etnogr\u00e1fico de Castilla y Le\u00f3n en Zamora.<br \/>\nJunta de Castilla y Le\u00f3n<\/p>\n<p>1994<br \/>\nSeleccionado<br \/>\nConcurso Internacional EUROPAN 3. Concurso Europeo para J\u00f3venes Arquitectos<br \/>\nConsejo de Europa, Estrasburgo<\/p>\n<p>1991<br \/>\n2\u00ba Premio<br \/>\nConcurso Nacional de Anteproyectos para el tratamiento del Paseo Central del Campo Grande en Valladolid.<br \/>\nAyuntamiento de Valladolid y Colegio de Arquitectos.<\/p>\n<p>1991<br \/>\n2\u00ba Premio (ex aequo)<br \/>\nConcurso Nacional de Anteproyectos para el Centro Cultural de Usos Polivalentes en la Iglesia \u00abLas Francesas\u00bb en Valladolid.<br \/>\nAyuntamiento de Valladolid y Colegio de Arquitectos<\/p>\n<p>1991<br \/>\n1er Accesit<br \/>\nConcurso Nacional de Ideas para el Recinto Ferial de Zamora.<br \/>\nDiputaci\u00f3n Provincial, Ayuntamiento y C\u00e1mara Oficial de Comercio e<br \/>\nIndustria. Zamora.<\/p>\n<p>&nbsp;<\/p>\n<h3>PREMIOS Y DISTINCIONES A OBRA CONSTRUIDA<\/h3>\n<p>2013<br \/>\nPremio de Patrimonio Cultural Europa Nostra en Conservaci\u00f3n<br \/>\nRehabilitaci\u00f3n de la Abad\u00eda de Retuerta. Sard\u00f3n de Duero (Valladolid).<br \/>\nUni\u00f3n Europea.<\/p>\n<p>2009<br \/>\nSeleccionado por COACYLE<br \/>\nPremio de Arquitectura Espa\u00f1ola 2009<br \/>\nCentro de Salud Segovia III. Segovia.<br \/>\nConsejo Superior de Colegios de Arquitectos. CSCAE.<\/p>\n<p>1997<br \/>\nSeleccionado en Rehabilitaci\u00f3n<br \/>\nIV Premio de Arquitectura Julio Gal\u00e1n Carvajal<br \/>\nRestauraci\u00f3n de la Torre de la Iglesia de San Nicol\u00e1s de Bari. Villalpando\u00a0 (Zamora).<br \/>\nColegios Oficiales de Arquitectos de Asturias, Castilla y Le\u00f3n y Galicia.<\/p>\n<p>1995<br \/>\nMenci\u00f3n Especial en Rehabilitaci\u00f3n<br \/>\nPremios de Arquitectura, Interiorismo, Rehabilitaci\u00f3n y Espacios Urbanos 1992\/1993.<br \/>\nRestauraci\u00f3n de la Ermita de la Anunciada. Urue\u00f1a (Valladolid).<br \/>\nCOACyLE. Colegio Oficial de Arquitectos en Valladolid.<\/p>\n<p>1992<br \/>\nFinalista\u00a0 y Menci\u00f3n Especial en Obra Nueva<br \/>\nPremios de Arquitectura Interiorismo Rehabilitaci\u00f3n y Espacios Urbanos 1990\/1992.<br \/>\n20 Viviendas de Promoci\u00f3n P\u00fablica. Matapozuelos (Valladolid).<br \/>\nCOACyLE. Colegio Oficial de Arquitectos en Valladolid.<\/p>\n<p>1992<br \/>\nFinalista\u00a0 en Rehabilitaci\u00f3n<br \/>\nPremios de Arquitectura Interiorismo Rehabilitaci\u00f3n y Espacios Urbanos 1990\/1992.<br \/>\nRestauraci\u00f3n de la Capilla de San Juan de la Cruz. Medina del Campo (Valladolid).<br \/>\nCOACyLE. Colegio Oficial de Arquitectos en Valladolid.<\/p>\n<p>1992<br \/>\nPremio de Opini\u00f3n, como Arquitecto Colaborador<br \/>\nPremios de Arquitectura Interiorismo Rehabilitaci\u00f3n y Espacios Urbanos 1990\/1992.<br \/>\nRestauraci\u00f3n de la Iglesia Moz\u00e1rabe de San Cebri\u00e1n de Mazote (Valladolid).<br \/>\nCOACyLE. Colegio Oficial de Arquitectos en Valladolid.<\/p>\n<p>1992<br \/>\nPremio de Rehabilitaci\u00f3n, como Arquitecto Colaborador<br \/>\nPremios de Arquitectura Interiorismo Rehabilitaci\u00f3n y Espacios Urbanos 1990\/1992.<br \/>\nRestauraci\u00f3n de la Iglesia Moz\u00e1rabe de San Cebri\u00e1n de Mazote (Valladolid).<br \/>\nCOACyLE. Colegio Oficial de Arquitectos en Valladolid.<\/p>\n<p>&nbsp;<\/p>\n<h3>CONCURSOS ADMINISTRATIVOS CON ANTEPROYECTO.\u00a0 ADJUDICACIONES<\/h3>\n<p>2010<br \/>\nEscuela Infantil Municipal en Medina del Campo (Valladolid).<br \/>\nExcmo. Ayuntamiento de Medina del Campo.<\/p>\n<p>2008<br \/>\nCentro de Salud y Especialidades de Astorga (Le\u00f3n).<br \/>\nConsejer\u00eda de Sanidad Junta de Castilla y Le\u00f3n.<\/p>\n<p>2007<br \/>\nColegio de Educaci\u00f3n infantil y primaria \u201cSan Pablo\u201d en Burgos.<br \/>\nConsejer\u00eda de Educaci\u00f3n. Junta de Castilla y Le\u00f3n.<\/p>\n<p>2005<br \/>\nInstituto de Educaci\u00f3n Secundaria Obligatoria de Ledesma (Salamanca).<br \/>\nConsejer\u00eda de Educaci\u00f3n. Junta de Castilla y Le\u00f3n.<\/p>\n<p>2005<br \/>\nCentro de Salud \u201cPonferrada IV\u201d en Ponferrada (Le\u00f3n).<br \/>\nConsejer\u00eda de Sanidad Junta de Castilla y Le\u00f3n.<\/p>\n<p>2003<br \/>\nCentro de Salud \u201cSegovia III\u201d en Segovia.<br \/>\nConsejer\u00eda de Sanidad Junta de Castilla y Le\u00f3n.<\/p>\n<p>2002<br \/>\nUrbanizaci\u00f3n de la Plaza del Mercado de Medina del Campo (Valladolid).<br \/>\nAyuntamiento de Medina del Campo.<\/p>\n<p>2002<br \/>\nProyecto de adaptaci\u00f3n de la antigua escuela del profesorado de EGB para sede de la Gerencia Regional de Salud en Huerta del Rey. Valladolid.<br \/>\nConsejer\u00eda de Sanidad y Bienestar Social. Junta de Castilla y Le\u00f3n<\/p>\n<p>2002<br \/>\nUrbanizaci\u00f3n de la Plaza Mayor de Villalc\u00e1zar de Sirga (Palencia).<br \/>\nConsejer\u00eda de Fomento. Junta de Castilla y Le\u00f3n.<\/p>\n<p>1994<br \/>\nProyecto de 442 Viviendas VPO en Ceuta- Estaci\u00f3n. Ceuta.<br \/>\nMinisterio de Fomento<\/p>\n","protected":false},"excerpt":{"rendered":"<p>CONCURSOS DE PROYECTOS CON INTERVENCI\u00d3N DE JURADO 2017 1\u00ba premio Nueva Bodega Protos en Pe\u00f1afiel (Valladolid). Grupo Protos Bodega Ribera Duero Pe\u00f1afiel S.L. 2015 3\u00ba premio Centro de Recepci\u00f3n de Visitantes en el Yacimiento Arqueol\u00f3gico de Clunia (Burgos). Diputaci\u00f3n Provincial de Burgos. 2005 Menci\u00f3n Honor\u00edfica Concurso Nacional de Ideas para un nuevo Templo y Parroquia. [&hellip;]<\/p>\n","protected":false},"author":1,"featured_media":1763,"parent":78,"menu_order":2,"comment_status":"closed","ping_status":"closed","template":"","meta":{"footnotes":""},"class_list":["post-82","page","type-page","status-publish","has-post-thumbnail","hentry"],"_links":{"self":[{"href":"https:\/\/www.antoniopaniagua.com\/index.php?rest_route=\/wp\/v2\/pages\/82","targetHints":{"allow":["GET"]}}],"collection":[{"href":"https:\/\/www.antoniopaniagua.com\/index.php?rest_route=\/wp\/v2\/pages"}],"about":[{"href":"https:\/\/www.antoniopaniagua.com\/index.php?rest_route=\/wp\/v2\/types\/page"}],"author":[{"embeddable":true,"href":"https:\/\/www.antoniopaniagua.com\/index.php?rest_route=\/wp\/v2\/users\/1"}],"replies":[{"embeddable":true,"href":"https:\/\/www.antoniopaniagua.com\/index.php?rest_route=%2Fwp%2Fv2%2Fcomments&post=82"}],"version-history":[{"count":42,"href":"https:\/\/www.antoniopaniagua.com\/index.php?rest_route=\/wp\/v2\/pages\/82\/revisions"}],"predecessor-version":[{"id":2341,"href":"https:\/\/www.antoniopaniagua.com\/index.php?rest_route=\/wp\/v2\/pages\/82\/revisions\/2341"}],"up":[{"embeddable":true,"href":"https:\/\/www.antoniopaniagua.com\/index.php?rest_route=\/wp\/v2\/pages\/78"}],"wp:featuredmedia":[{"embeddable":true,"href":"https:\/\/www.antoniopaniagua.com\/index.php?rest_route=\/wp\/v2\/media\/1763"}],"wp:attachment":[{"href":"https:\/\/www.antoniopaniagua.com\/index.php?rest_route=%2Fwp%2Fv2%2Fmedia&parent=82"}],"curies":[{"name":"wp","href":"https:\/\/api.w.org\/{rel}","templated":true}]}}